{"id":381,"date":"2025-02-24T12:32:08","date_gmt":"2025-02-24T12:32:08","guid":{"rendered":"https:\/\/easyd116.sg-host.com\/?page_id=381"},"modified":"2025-02-24T12:33:30","modified_gmt":"2025-02-24T12:33:30","slug":"experiencia-uruguayana","status":"publish","type":"page","link":"https:\/\/resideinuruguay.com\/de\/experiencia-uruguayana\/","title":{"rendered":"Experiencia Uruguayana"},"content":{"rendered":"\t\t<div data-elementor-type=\"wp-page\" data-elementor-id=\"381\" class=\"elementor elementor-381\" data-elementor-post-type=\"page\">\n\t\t\t\t<div class=\"elementor-element elementor-element-b9602f6 e-con-full e-flex e-con e-parent\" data-id=\"b9602f6\" data-element_type=\"container\" data-e-type=\"container\" data-settings=\"{&quot;background_background&quot;:&quot;classic&quot;,&quot;shape_divider_bottom&quot;:&quot;tilt&quot;}\">\n\t\t\t\t<div class=\"elementor-shape elementor-shape-bottom\" aria-hidden=\"true\" data-negative=\"false\">\n\t\t\t<svg xmlns=\"http:\/\/www.w3.org\/2000\/svg\" viewBox=\"0 0 1000 100\" preserveAspectRatio=\"none\">\n\t<path class=\"elementor-shape-fill\" d=\"M0,6V0h1000v100L0,6z\"\/>\n<\/svg>\t\t<\/div>\n\t\t<div class=\"elementor-element elementor-element-db734e5 e-con-full e-flex e-con e-child\" data-id=\"db734e5\" data-element_type=\"container\" data-e-type=\"container\">\n\t\t\t\t<div class=\"elementor-element elementor-element-b4ad53a elementor-widget__width-initial elementor-widget elementor-widget-heading\" data-id=\"b4ad53a\" data-element_type=\"widget\" data-e-type=\"widget\" data-widget_type=\"heading.default\">\n\t\t\t\t<div class=\"elementor-widget-container\">\n\t\t\t\t\t<h2 class=\"elementor-heading-title elementor-size-default\">Vive la experiencia uruguaya<\/h2>\t\t\t\t<\/div>\n\t\t\t\t<\/div>\n\t\t\t\t<\/div>\n\t\t\t\t<\/div>\n\t\t<div class=\"elementor-element elementor-element-63b85e6 e-flex e-con-boxed e-con e-parent\" data-id=\"63b85e6\" data-element_type=\"container\" data-e-type=\"container\">\n\t\t\t\t\t<div class=\"e-con-inner\">\n\t\t\t\t<div class=\"elementor-element elementor-element-698eb13 elementor-widget__width-initial elementor-widget elementor-widget-heading\" data-id=\"698eb13\" data-element_type=\"widget\" data-e-type=\"widget\" data-widget_type=\"heading.default\">\n\t\t\t\t<div class=\"elementor-widget-container\">\n\t\t\t\t\t<h3 class=\"elementor-heading-title elementor-size-default\">Descubrir Uruguay es sumergirse en un mundo donde las tradiciones y la vida cotidiana se entrelazan de manera \u00fanica. Desde el ritual del mate hasta el inconfundible sabor del asado, pasando por vibrantes eventos culturales y una pasi\u00f3n desbordante por el f\u00fatbol, cada aspecto de la vida en Uruguay invita a disfrutar de una experiencia aut\u00e9ntica y enriquecedora.\n\n<\/h3>\t\t\t\t<\/div>\n\t\t\t\t<\/div>\n\t\t\t\t\t<\/div>\n\t\t\t\t<\/div>\n\t\t<div class=\"elementor-element elementor-element-4b5d2ec e-flex e-con-boxed e-con e-parent\" data-id=\"4b5d2ec\" data-element_type=\"container\" data-e-type=\"container\">\n\t\t\t\t\t<div class=\"e-con-inner\">\n\t\t<div class=\"elementor-element elementor-element-1fb07c2 e-con-full e-flex e-con e-child\" data-id=\"1fb07c2\" data-element_type=\"container\" data-e-type=\"container\">\n\t\t\t\t<div class=\"elementor-element elementor-element-419ccc2 elementor-widget__width-initial elementor-widget elementor-widget-heading\" data-id=\"419ccc2\" data-element_type=\"widget\" data-e-type=\"widget\" data-widget_type=\"heading.default\">\n\t\t\t\t<div class=\"elementor-widget-container\">\n\t\t\t\t\t<h2 class=\"elementor-heading-title elementor-size-default\">El mate: Tradici\u00f3n y amistad en cada sorbo\n<\/h2>\t\t\t\t<\/div>\n\t\t\t\t<\/div>\n\t\t\t\t<div class=\"elementor-element elementor-element-f7296b5 elementor-widget__width-initial elementor-widget elementor-widget-text-editor\" data-id=\"f7296b5\" data-element_type=\"widget\" data-e-type=\"widget\" data-widget_type=\"text-editor.default\">\n\t\t\t\t<div class=\"elementor-widget-container\">\n\t\t\t\t\t\t\t\t\t<p><span style=\"font-weight: 400;\">El mate es mucho m\u00e1s que una infusi\u00f3n; es un s\u00edmbolo de encuentro y camarader\u00eda. En Uruguay, compartir un mate es casi un ritual diario que une a amigos, vecinos y familias. Esta tradici\u00f3n, que tambi\u00e9n se extiende a otros pa\u00edses de la regi\u00f3n, se vive de manera especial aqu\u00ed: el mate se comparte en cualquier lugar, en la oficina, en la calle o en una reuni\u00f3n familiar, convirti\u00e9ndose en el pretexto perfecto para conversar y estrechar lazos.<\/span><\/p>\t\t\t\t\t\t\t\t<\/div>\n\t\t\t\t<\/div>\n\t\t\t\t<\/div>\n\t\t<div class=\"elementor-element elementor-element-8164d66 e-con-full e-flex e-con e-child\" data-id=\"8164d66\" data-element_type=\"container\" data-e-type=\"container\" data-settings=\"{&quot;background_background&quot;:&quot;classic&quot;}\">\n\t\t\t\t<\/div>\n\t\t<div class=\"elementor-element elementor-element-7e018c1 e-con-full e-flex e-con e-child\" data-id=\"7e018c1\" data-element_type=\"container\" data-e-type=\"container\" data-settings=\"{&quot;background_background&quot;:&quot;classic&quot;}\">\n\t\t\t\t<\/div>\n\t\t<div class=\"elementor-element elementor-element-bf8b008 e-con-full e-flex e-con e-child\" data-id=\"bf8b008\" data-element_type=\"container\" data-e-type=\"container\">\n\t\t\t\t<div class=\"elementor-element elementor-element-3244bde elementor-widget__width-initial elementor-widget elementor-widget-heading\" data-id=\"3244bde\" data-element_type=\"widget\" data-e-type=\"widget\" data-widget_type=\"heading.default\">\n\t\t\t\t<div class=\"elementor-widget-container\">\n\t\t\t\t\t<h2 class=\"elementor-heading-title elementor-size-default\">Asado: El arte de la parrilla uruguaya<\/h2>\t\t\t\t<\/div>\n\t\t\t\t<\/div>\n\t\t\t\t<div class=\"elementor-element elementor-element-577c7bb elementor-widget__width-initial elementor-widget elementor-widget-text-editor\" data-id=\"577c7bb\" data-element_type=\"widget\" data-e-type=\"widget\" data-widget_type=\"text-editor.default\">\n\t\t\t\t<div class=\"elementor-widget-container\">\n\t\t\t\t\t\t\t\t\t<p><span style=\"font-weight: 400;\">El asado es el coraz\u00f3n de la gastronom\u00eda uruguaya. Se trata de una verdadera celebraci\u00f3n que va m\u00e1s all\u00e1 de la simple comida. Reunirse alrededor de una parrilla para disfrutar de cortes de carne asados lentamente, acompa\u00f1ados de ensaladas frescas y vinos locales, es una tradici\u00f3n que une a las personas. Para los europeos que aprecian la buena cocina y el ambiente relajado, el asado uruguayo representa una oportunidad para explorar nuevos sabores y disfrutar de momentos inolvidables.<\/span><\/p>\t\t\t\t\t\t\t\t<\/div>\n\t\t\t\t<\/div>\n\t\t\t\t<\/div>\n\t\t\t\t\t<\/div>\n\t\t\t\t<\/div>\n\t\t<div class=\"elementor-element elementor-element-aa1de56 e-flex e-con-boxed e-con e-parent\" data-id=\"aa1de56\" data-element_type=\"container\" data-e-type=\"container\">\n\t\t\t\t\t<div class=\"e-con-inner\">\n\t\t<div class=\"elementor-element elementor-element-33443f1 e-con-full e-flex e-con e-child\" data-id=\"33443f1\" data-element_type=\"container\" data-e-type=\"container\">\n\t\t\t\t<div class=\"elementor-element elementor-element-a24e167 elementor-widget__width-initial elementor-widget elementor-widget-heading\" data-id=\"a24e167\" data-element_type=\"widget\" data-e-type=\"widget\" data-widget_type=\"heading.default\">\n\t\t\t\t<div class=\"elementor-widget-container\">\n\t\t\t\t\t<h2 class=\"elementor-heading-title elementor-size-default\">Eventos culturales: Ritmo, arte y tradici\u00f3n\n<\/h2>\t\t\t\t<\/div>\n\t\t\t\t<\/div>\n\t\t\t\t<div class=\"elementor-element elementor-element-26a8395 elementor-widget__width-initial elementor-widget elementor-widget-text-editor\" data-id=\"26a8395\" data-element_type=\"widget\" data-e-type=\"widget\" data-widget_type=\"text-editor.default\">\n\t\t\t\t<div class=\"elementor-widget-container\">\n\t\t\t\t\t\t\t\t\t<p><span style=\"font-weight: 400;\">Uruguay vibra con una agenda cultural activa durante todo el a\u00f1o. Desde festivales de m\u00fasica y danza hasta ferias de arte y literatura, los eventos culturales ofrecen una ventana a la rica herencia y creatividad del pa\u00eds. Cada rinc\u00f3n, ya sea en las bulliciosas calles de Montevideo o en pueblos llenos de historia, se transforma en escenario para celebrar el talento local y la diversidad cultural. Estos encuentros permiten a los europeos integrarse en la vida social uruguaya y descubrir tradiciones que combinan lo cl\u00e1sico y lo contempor\u00e1neo.<\/span><\/p>\t\t\t\t\t\t\t\t<\/div>\n\t\t\t\t<\/div>\n\t\t\t\t<\/div>\n\t\t<div class=\"elementor-element elementor-element-885bdaf e-con-full e-flex e-con e-child\" data-id=\"885bdaf\" data-element_type=\"container\" data-e-type=\"container\" data-settings=\"{&quot;background_background&quot;:&quot;classic&quot;}\">\n\t\t\t\t<\/div>\n\t\t<div class=\"elementor-element elementor-element-3c1b652 e-con-full e-flex e-con e-child\" data-id=\"3c1b652\" data-element_type=\"container\" data-e-type=\"container\" data-settings=\"{&quot;background_background&quot;:&quot;classic&quot;}\">\n\t\t\t\t<\/div>\n\t\t<div class=\"elementor-element elementor-element-40cc55e e-con-full e-flex e-con e-child\" data-id=\"40cc55e\" data-element_type=\"container\" data-e-type=\"container\">\n\t\t\t\t<div class=\"elementor-element elementor-element-7314081 elementor-widget__width-initial elementor-widget elementor-widget-heading\" data-id=\"7314081\" data-element_type=\"widget\" data-e-type=\"widget\" data-widget_type=\"heading.default\">\n\t\t\t\t<div class=\"elementor-widget-container\">\n\t\t\t\t\t<h2 class=\"elementor-heading-title elementor-size-default\">La pasi\u00f3n por el f\u00fatbol: Mucho m\u00e1s que un deporte\n<\/h2>\t\t\t\t<\/div>\n\t\t\t\t<\/div>\n\t\t\t\t<div class=\"elementor-element elementor-element-2387722 elementor-widget__width-initial elementor-widget elementor-widget-text-editor\" data-id=\"2387722\" data-element_type=\"widget\" data-e-type=\"widget\" data-widget_type=\"text-editor.default\">\n\t\t\t\t<div class=\"elementor-widget-container\">\n\t\t\t\t\t\t\t\t\t<p><span style=\"font-weight: 400;\">En Uruguay, el f\u00fatbol es casi una religi\u00f3n. La pasi\u00f3n por este deporte se vive en cada partido, ya sea en estadios hist\u00f3ricos o en las canchas de barrio. Los uruguayos sienten el f\u00fatbol con intensidad, lo que se traduce en encuentros llenos de emoci\u00f3n y orgullo nacional. Para aquellos europeos que comparten la pasi\u00f3n por este deporte, sintonizar un partido en Uruguay es una experiencia vibrante que refuerza la conexi\u00f3n con la cultura local y crea un ambiente de uni\u00f3n y entusiasmo.<\/span><\/p>\t\t\t\t\t\t\t\t<\/div>\n\t\t\t\t<\/div>\n\t\t\t\t<\/div>\n\t\t\t\t\t<\/div>\n\t\t\t\t<\/div>\n\t\t<div class=\"elementor-element elementor-element-9bbad4f e-flex e-con-boxed e-con e-parent\" data-id=\"9bbad4f\" data-element_type=\"container\" data-e-type=\"container\" data-settings=\"{&quot;background_background&quot;:&quot;classic&quot;}\">\n\t\t\t\t\t<div class=\"e-con-inner\">\n\t\t\t\t<div class=\"elementor-element elementor-element-098d465 elementor-widget__width-initial elementor-widget elementor-widget-heading\" data-id=\"098d465\" data-element_type=\"widget\" data-e-type=\"widget\" data-widget_type=\"heading.default\">\n\t\t\t\t<div class=\"elementor-widget-container\">\n\t\t\t\t\t<h2 class=\"elementor-heading-title elementor-size-default\">Una invitaci\u00f3n a vivir Uruguay\n<\/h2>\t\t\t\t<\/div>\n\t\t\t\t<\/div>\n\t\t\t\t<div class=\"elementor-element elementor-element-1bb02a8 elementor-widget__width-initial elementor-widget elementor-widget-heading\" data-id=\"1bb02a8\" data-element_type=\"widget\" data-e-type=\"widget\" data-widget_type=\"heading.default\">\n\t\t\t\t<div class=\"elementor-widget-container\">\n\t\t\t\t\t<h3 class=\"elementor-heading-title elementor-size-default\">Sumergirse en la experiencia uruguaya es mucho m\u00e1s que mudarse a otro pa\u00eds: es adoptar un estilo de vida donde la tradici\u00f3n, la gastronom\u00eda, el arte y el deporte se unen para formar un mosaico de sensaciones y momentos \u00fanicos. Cada mate compartido, cada asado en familia, cada festival cultural y cada partido de f\u00fatbol es una invitaci\u00f3n a descubrir un Uruguay lleno de calidez, autenticidad y diversidad.<BR><BR>\nDescubre este pa\u00eds que combina lo mejor de dos mundos: la tranquilidad y la pasi\u00f3n de una cultura arraigada en la tradici\u00f3n, y la modernidad de una sociedad en constante evoluci\u00f3n. Vive la experiencia uruguaya y d\u00e9jate sorprender por las tradiciones que hacen de este pa\u00eds un lugar incomparable para vivir, disfrutar y crecer.\n<\/h3>\t\t\t\t<\/div>\n\t\t\t\t<\/div>\n\t\t\t\t\t<\/div>\n\t\t\t\t<\/div>\n\t\t<div class=\"elementor-element elementor-element-25a12ab elementor-hidden-mobile e-flex e-con-boxed e-con e-parent\" data-id=\"25a12ab\" data-element_type=\"container\" data-e-type=\"container\" data-settings=\"{&quot;background_background&quot;:&quot;classic&quot;}\">\n\t\t\t\t\t<div class=\"e-con-inner\">\n\t\t\t\t\t<\/div>\n\t\t\t\t<\/div>\n\t\t<div class=\"elementor-element elementor-element-0df2d20 Contacto e-flex e-con-boxed e-con e-parent\" data-id=\"0df2d20\" data-element_type=\"container\" data-e-type=\"container\" id=\"Contacto\" data-settings=\"{&quot;background_background&quot;:&quot;classic&quot;}\">\n\t\t\t\t\t<div class=\"e-con-inner\">\n\t\t\t\t<div class=\"elementor-element elementor-element-18e0320 elementor-widget__width-initial elementor-widget elementor-widget-heading\" data-id=\"18e0320\" data-element_type=\"widget\" data-e-type=\"widget\" data-widget_type=\"heading.default\">\n\t\t\t\t<div class=\"elementor-widget-container\">\n\t\t\t\t\t<h2 class=\"elementor-heading-title elementor-size-default\">Contacto<\/h2>\t\t\t\t<\/div>\n\t\t\t\t<\/div>\n\t\t\t\t<div class=\"elementor-element elementor-element-05148a2 elementor-widget__width-initial elementor-widget elementor-widget-heading\" data-id=\"05148a2\" data-element_type=\"widget\" data-e-type=\"widget\" data-widget_type=\"heading.default\">\n\t\t\t\t<div class=\"elementor-widget-container\">\n\t\t\t\t\t<h2 class=\"elementor-heading-title elementor-size-default\">\u00bfListo para dar el paso?<\/h2>\t\t\t\t<\/div>\n\t\t\t\t<\/div>\n\t\t\t\t<div class=\"elementor-element elementor-element-76a11de elementor-widget__width-initial elementor-widget elementor-widget-heading\" data-id=\"76a11de\" data-element_type=\"widget\" data-e-type=\"widget\" data-widget_type=\"heading.default\">\n\t\t\t\t<div class=\"elementor-widget-container\">\n\t\t\t\t\t<h3 class=\"elementor-heading-title elementor-size-default\">D\u00e9janos acompa\u00f1arte en el proceso de mudanza. Completa el formulario y uno de nuestros expertos te ayudar\u00e1 a planificar tu nueva vida en Uruguay.\n<\/h3>\t\t\t\t<\/div>\n\t\t\t\t<\/div>\n\t\t\t\t\t<\/div>\n\t\t\t\t<\/div>\n\t\t<div class=\"elementor-element elementor-element-1b693db e-flex e-con-boxed e-con e-parent\" data-id=\"1b693db\" data-element_type=\"container\" data-e-type=\"container\">\n\t\t\t\t\t<div class=\"e-con-inner\">\n\t\t\t\t<div class=\"elementor-element elementor-element-9cf18f6 elementor-button-align-center elementor-widget__width-initial elementor-widget elementor-widget-form\" data-id=\"9cf18f6\" data-element_type=\"widget\" data-e-type=\"widget\" data-settings=\"{&quot;step_next_label&quot;:&quot;Siguiente&quot;,&quot;step_previous_label&quot;:&quot;Anterior&quot;,&quot;button_width&quot;:&quot;100&quot;,&quot;step_type&quot;:&quot;number_text&quot;,&quot;step_icon_shape&quot;:&quot;circle&quot;}\" data-widget_type=\"form.default\">\n\t\t\t\t<div class=\"elementor-widget-container\">\n\t\t\t\t\t\t\t<form class=\"elementor-form\" method=\"post\" name=\"Nuevo formulario\" aria-label=\"Nuevo formulario\">\n\t\t\t<input type=\"hidden\" name=\"post_id\" value=\"381\"\/>\n\t\t\t<input type=\"hidden\" name=\"form_id\" value=\"9cf18f6\"\/>\n\t\t\t<input type=\"hidden\" name=\"referer_title\" value=\"Experiencia Uruguayana\" \/>\n\n\t\t\t\t\t\t\t<input type=\"hidden\" name=\"queried_id\" value=\"381\"\/>\n\t\t\t\n\t\t\t<div class=\"elementor-form-fields-wrapper elementor-labels-\">\n\t\t\t\t\t\t\t\t<div class=\"elementor-field-type-text elementor-field-group elementor-column elementor-field-group-name elementor-col-100\">\n\t\t\t\t\t\t\t\t\t\t\t\t<label for=\"form-field-name\" class=\"elementor-field-label elementor-screen-only\">\n\t\t\t\t\t\t\t\tNombre\t\t\t\t\t\t\t<\/label>\n\t\t\t\t\t\t\t\t\t\t\t\t\t\t<input size=\"1\" type=\"text\" name=\"form_fields[name]\" id=\"form-field-name\" class=\"elementor-field elementor-size-sm  elementor-field-textual\" placeholder=\"Nombre\">\n\t\t\t\t\t\t\t\t\t\t\t<\/div>\n\t\t\t\t\t\t\t\t<div class=\"elementor-field-type-email elementor-field-group elementor-column elementor-field-group-email elementor-col-100 elementor-field-required\">\n\t\t\t\t\t\t\t\t\t\t\t\t<label for=\"form-field-email\" class=\"elementor-field-label elementor-screen-only\">\n\t\t\t\t\t\t\t\tCorreo electr\u00f3nico\t\t\t\t\t\t\t<\/label>\n\t\t\t\t\t\t\t\t\t\t\t\t\t\t<input size=\"1\" type=\"email\" name=\"form_fields[email]\" id=\"form-field-email\" class=\"elementor-field elementor-size-sm  elementor-field-textual\" placeholder=\"Correo electr\u00f3nico\" required=\"required\">\n\t\t\t\t\t\t\t\t\t\t\t<\/div>\n\t\t\t\t\t\t\t\t<div class=\"elementor-field-type-text elementor-field-group elementor-column elementor-field-group-field_d59a795 elementor-col-100 elementor-field-required\">\n\t\t\t\t\t\t\t\t\t\t\t\t<label for=\"form-field-field_d59a795\" class=\"elementor-field-label elementor-screen-only\">\n\t\t\t\t\t\t\t\tpa\u00eds de residencia\t\t\t\t\t\t\t<\/label>\n\t\t\t\t\t\t\t\t\t\t\t\t\t\t<input size=\"1\" type=\"text\" name=\"form_fields[field_d59a795]\" id=\"form-field-field_d59a795\" class=\"elementor-field elementor-size-sm  elementor-field-textual\" placeholder=\"Pa\u00eds de residencia\" required=\"required\">\n\t\t\t\t\t\t\t\t\t\t\t<\/div>\n\t\t\t\t\t\t\t\t<div class=\"elementor-field-type-text elementor-field-group elementor-column elementor-field-group-field_64fd8fe elementor-col-100 elementor-field-required\">\n\t\t\t\t\t\t\t\t\t\t\t\t<label for=\"form-field-field_64fd8fe\" class=\"elementor-field-label elementor-screen-only\">\n\t\t\t\t\t\t\t\ttipo de consulta\t\t\t\t\t\t\t<\/label>\n\t\t\t\t\t\t\t\t\t\t\t\t\t\t<input size=\"1\" type=\"text\" name=\"form_fields[field_64fd8fe]\" id=\"form-field-field_64fd8fe\" class=\"elementor-field elementor-size-sm  elementor-field-textual\" placeholder=\"Tipo de consulta\" required=\"required\">\n\t\t\t\t\t\t\t\t\t\t\t<\/div>\n\t\t\t\t\t\t\t\t<div class=\"elementor-field-type-textarea elementor-field-group elementor-column elementor-field-group-message elementor-col-100\">\n\t\t\t\t\t\t\t\t\t\t\t\t<label for=\"form-field-message\" class=\"elementor-field-label elementor-screen-only\">\n\t\t\t\t\t\t\t\tMensaje\t\t\t\t\t\t\t<\/label>\n\t\t\t\t\t\t<textarea class=\"elementor-field-textual elementor-field  elementor-size-sm\" name=\"form_fields[message]\" id=\"form-field-message\" rows=\"4\" placeholder=\"Mensaje\"><\/textarea>\t\t\t\t<\/div>\n\t\t\t\t\t\t\t\t<div class=\"elementor-field-group elementor-column elementor-field-type-submit elementor-col-100 e-form__buttons\">\n\t\t\t\t\t<button class=\"elementor-button elementor-size-sm\" type=\"submit\">\n\t\t\t\t\t\t<span class=\"elementor-button-content-wrapper\">\n\t\t\t\t\t\t\t\t\t\t\t\t\t\t\t\t\t\t\t\t\t\t<span class=\"elementor-button-text\">Escr\u00edbenos ahora<\/span>\n\t\t\t\t\t\t\t\t\t\t\t\t\t<\/span>\n\t\t\t\t\t<\/button>\n\t\t\t\t<\/div>\n\t\t\t<\/div>\n\t\t<\/form>\n\t\t\t\t\t\t<\/div>\n\t\t\t\t<\/div>\n\t\t\t\t\t<\/div>\n\t\t\t\t<\/div>\n\t\t\t\t<\/div>\n\t\t","protected":false},"excerpt":{"rendered":"<p>Vive la experiencia uruguaya Descubrir Uruguay es sumergirse en un mundo donde las tradiciones y la vida cotidiana se entrelazan [&hellip;]<\/p>\n","protected":false},"author":1,"featured_media":0,"parent":0,"menu_order":0,"comment_status":"closed","ping_status":"closed","template":"","meta":{"site-sidebar-layout":"no-sidebar","site-content-layout":"","ast-site-content-layout":"full-width-container","site-content-style":"default","site-sidebar-style":"default","ast-global-header-display":"","ast-banner-title-visibility":"","ast-main-header-display":"","ast-hfb-above-header-display":"","ast-hfb-below-header-display":"","ast-hfb-mobile-header-display":"","site-post-title":"disabled","ast-breadcrumbs-content":"","ast-featured-img":"disabled","footer-sml-layout":"","ast-disable-related-posts":"","theme-transparent-header-meta":"","adv-header-id-meta":"","stick-header-meta":"","header-above-stick-meta":"","header-main-stick-meta":"","header-below-stick-meta":"","astra-migrate-meta-layouts":"default","ast-page-background-enabled":"default","ast-page-background-meta":{"desktop":{"background-color":"var(--ast-global-color-5)","background-image":"","background-repeat":"repeat","background-position":"center center","background-size":"auto","background-attachment":"scroll","background-type":"","background-media":"","overlay-type":"","overlay-color":"","overlay-opacity":"","overlay-gradient":""},"tablet":{"background-color":"","background-image":"","background-repeat":"repeat","background-position":"center center","background-size":"auto","background-attachment":"scroll","background-type":"","background-media":"","overlay-type":"","overlay-color":"","overlay-opacity":"","overlay-gradient":""},"mobile":{"background-color":"","background-image":"","background-repeat":"repeat","background-position":"center center","background-size":"auto","background-attachment":"scroll","background-type":"","background-media":"","overlay-type":"","overlay-color":"","overlay-opacity":"","overlay-gradient":""}},"ast-content-background-meta":{"desktop":{"background-color":"var(--ast-global-color-4)","background-image":"","background-repeat":"repeat","background-position":"center center","background-size":"auto","background-attachment":"scroll","background-type":"","background-media":"","overlay-type":"","overlay-color":"","overlay-opacity":"","overlay-gradient":""},"tablet":{"background-color":"var(--ast-global-color-4)","background-image":"","background-repeat":"repeat","background-position":"center center","background-size":"auto","background-attachment":"scroll","background-type":"","background-media":"","overlay-type":"","overlay-color":"","overlay-opacity":"","overlay-gradient":""},"mobile":{"background-color":"var(--ast-global-color-4)","background-image":"","background-repeat":"repeat","background-position":"center center","background-size":"auto","background-attachment":"scroll","background-type":"","background-media":"","overlay-type":"","overlay-color":"","overlay-opacity":"","overlay-gradient":""}},"footnotes":""},"class_list":["post-381","page","type-page","status-publish","hentry"],"_links":{"self":[{"href":"https:\/\/resideinuruguay.com\/de\/wp-json\/wp\/v2\/pages\/381","targetHints":{"allow":["GET"]}}],"collection":[{"href":"https:\/\/resideinuruguay.com\/de\/wp-json\/wp\/v2\/pages"}],"about":[{"href":"https:\/\/resideinuruguay.com\/de\/wp-json\/wp\/v2\/types\/page"}],"author":[{"embeddable":true,"href":"https:\/\/resideinuruguay.com\/de\/wp-json\/wp\/v2\/users\/1"}],"replies":[{"embeddable":true,"href":"https:\/\/resideinuruguay.com\/de\/wp-json\/wp\/v2\/comments?post=381"}],"version-history":[{"count":3,"href":"https:\/\/resideinuruguay.com\/de\/wp-json\/wp\/v2\/pages\/381\/revisions"}],"predecessor-version":[{"id":389,"href":"https:\/\/resideinuruguay.com\/de\/wp-json\/wp\/v2\/pages\/381\/revisions\/389"}],"wp:attachment":[{"href":"https:\/\/resideinuruguay.com\/de\/wp-json\/wp\/v2\/media?parent=381"}],"curies":[{"name":"wp","href":"https:\/\/api.w.org\/{rel}","templated":true}]}}