{"id":254,"date":"2025-02-24T10:47:00","date_gmt":"2025-02-24T10:47:00","guid":{"rendered":"https:\/\/easyd116.sg-host.com\/?page_id=254"},"modified":"2026-03-05T22:35:04","modified_gmt":"2026-03-05T22:35:04","slug":"zonas-para-vivir","status":"publish","type":"page","link":"https:\/\/resideinuruguay.com\/de\/zonas-para-vivir\/","title":{"rendered":"Wohngegenden"},"content":{"rendered":"\t\t<div data-elementor-type=\"wp-page\" data-elementor-id=\"254\" class=\"elementor elementor-254\" data-elementor-post-type=\"page\">\n\t\t\t\t<div class=\"elementor-element elementor-element-b9602f6 e-con-full e-flex e-con e-parent\" data-id=\"b9602f6\" data-element_type=\"container\" data-e-type=\"container\" data-settings=\"{&quot;background_background&quot;:&quot;classic&quot;,&quot;shape_divider_bottom&quot;:&quot;tilt&quot;}\">\n\t\t\t\t<div class=\"elementor-shape elementor-shape-bottom\" aria-hidden=\"true\" data-negative=\"false\">\n\t\t\t<svg xmlns=\"http:\/\/www.w3.org\/2000\/svg\" viewBox=\"0 0 1000 100\" preserveAspectRatio=\"none\">\n\t<path class=\"elementor-shape-fill\" d=\"M0,6V0h1000v100L0,6z\"\/>\n<\/svg>\t\t<\/div>\n\t\t<div class=\"elementor-element elementor-element-db734e5 e-con-full e-flex e-con e-child\" data-id=\"db734e5\" data-element_type=\"container\" data-e-type=\"container\">\n\t\t\t\t<div class=\"elementor-element elementor-element-b4ad53a elementor-widget__width-initial elementor-widget elementor-widget-heading\" data-id=\"b4ad53a\" data-element_type=\"widget\" data-e-type=\"widget\" data-widget_type=\"heading.default\">\n\t\t\t\t<div class=\"elementor-widget-container\">\n\t\t\t\t\t<h2 class=\"elementor-heading-title elementor-size-default\">Zonas para vivir en Uruguay<\/h2>\t\t\t\t<\/div>\n\t\t\t\t<\/div>\n\t\t\t\t<\/div>\n\t\t\t\t<\/div>\n\t\t<div class=\"elementor-element elementor-element-bd9f3c9 URUGUAY e-flex e-con-boxed e-con e-parent\" data-id=\"bd9f3c9\" data-element_type=\"container\" data-e-type=\"container\" id=\"URUGUAY\" data-settings=\"{&quot;background_background&quot;:&quot;classic&quot;}\">\n\t\t\t\t\t<div class=\"e-con-inner\">\n\t\t\t\t<div class=\"elementor-element elementor-element-5855088 elementor-widget__width-initial elementor-widget elementor-widget-heading\" data-id=\"5855088\" data-element_type=\"widget\" data-e-type=\"widget\" data-widget_type=\"heading.default\">\n\t\t\t\t<div class=\"elementor-widget-container\">\n\t\t\t\t\t<h2 class=\"elementor-heading-title elementor-size-default\">Vivir Uruguay<\/h2>\t\t\t\t<\/div>\n\t\t\t\t<\/div>\n\t\t\t\t<div class=\"elementor-element elementor-element-f5fe6f0 elementor-widget__width-initial elementor-widget elementor-widget-heading\" data-id=\"f5fe6f0\" data-element_type=\"widget\" data-e-type=\"widget\" data-widget_type=\"heading.default\">\n\t\t\t\t<div class=\"elementor-widget-container\">\n\t\t\t\t\t<h2 class=\"elementor-heading-title elementor-size-default\">\u00bfPor qu\u00e9 elegir Uruguay?<\/h2>\t\t\t\t<\/div>\n\t\t\t\t<\/div>\n\t\t\t\t\t<\/div>\n\t\t\t\t<\/div>\n\t\t<div class=\"elementor-element elementor-element-1615de7 e-flex e-con-boxed e-con e-parent\" data-id=\"1615de7\" data-element_type=\"container\" data-e-type=\"container\">\n\t\t\t\t\t<div class=\"e-con-inner\">\n\t\t\t\t<div class=\"elementor-element elementor-element-7b0bca8 elementor-grid-4 elementor-posts--align-left elementor-grid-tablet-2 elementor-grid-mobile-1 elementor-posts--thumbnail-top elementor-card-shadow-yes elementor-posts__hover-gradient elementor-widget elementor-widget-posts\" data-id=\"7b0bca8\" data-element_type=\"widget\" data-e-type=\"widget\" data-settings=\"{&quot;cards_columns&quot;:&quot;4&quot;,&quot;cards_row_gap&quot;:{&quot;unit&quot;:&quot;px&quot;,&quot;size&quot;:40,&quot;sizes&quot;:[]},&quot;cards_columns_tablet&quot;:&quot;2&quot;,&quot;cards_columns_mobile&quot;:&quot;1&quot;,&quot;cards_row_gap_tablet&quot;:{&quot;unit&quot;:&quot;px&quot;,&quot;size&quot;:&quot;&quot;,&quot;sizes&quot;:[]},&quot;cards_row_gap_mobile&quot;:{&quot;unit&quot;:&quot;px&quot;,&quot;size&quot;:&quot;&quot;,&quot;sizes&quot;:[]}}\" data-widget_type=\"posts.cards\">\n\t\t\t\t<div class=\"elementor-widget-container\">\n\t\t\t\t\t\t\t<div class=\"elementor-posts-container elementor-posts elementor-posts--skin-cards elementor-grid\" role=\"list\">\n\t\t\t\t<article class=\"elementor-post elementor-grid-item post-318 post type-post status-publish format-standard has-post-thumbnail hentry category-zonas\" role=\"listitem\">\n\t\t\t<div class=\"elementor-post__card\">\n\t\t\t\t<a class=\"elementor-post__thumbnail__link\" href=\"https:\/\/resideinuruguay.com\/de\/colonia-del-sacramento-historia-y-encanto-cerca-de-argentina\/\" tabindex=\"-1\" ><div class=\"elementor-post__thumbnail\"><img fetchpriority=\"high\" decoding=\"async\" width=\"1600\" height=\"840\" src=\"https:\/\/resideinuruguay.com\/wp-content\/uploads\/2025\/02\/campos-en-venta-rocha-uruguay.jpg\" class=\"attachment-full size-full wp-image-325\" alt=\"\" srcset=\"https:\/\/resideinuruguay.com\/wp-content\/uploads\/2025\/02\/campos-en-venta-rocha-uruguay.jpg 1600w, https:\/\/resideinuruguay.com\/wp-content\/uploads\/2025\/02\/campos-en-venta-rocha-uruguay-300x158.jpg 300w, https:\/\/resideinuruguay.com\/wp-content\/uploads\/2025\/02\/campos-en-venta-rocha-uruguay-1024x538.jpg 1024w, https:\/\/resideinuruguay.com\/wp-content\/uploads\/2025\/02\/campos-en-venta-rocha-uruguay-768x403.jpg 768w, https:\/\/resideinuruguay.com\/wp-content\/uploads\/2025\/02\/campos-en-venta-rocha-uruguay-1536x806.jpg 1536w\" sizes=\"(max-width: 1600px) 100vw, 1600px\" \/><\/div><\/a>\n\t\t\t\t<div class=\"elementor-post__text\">\n\t\t\t\t<h3 class=\"elementor-post__title\">\n\t\t\t<a href=\"https:\/\/resideinuruguay.com\/de\/colonia-del-sacramento-historia-y-encanto-cerca-de-argentina\/\" >\n\t\t\t\tCampos y zonas rurales \u2013 Conexi\u00f3n con la naturaleza y un ritmo de vida tranquilo\t\t\t<\/a>\n\t\t<\/h3>\n\t\t\n\t\t<a class=\"elementor-post__read-more\" href=\"https:\/\/resideinuruguay.com\/de\/colonia-del-sacramento-historia-y-encanto-cerca-de-argentina\/\" aria-label=\"Read more about Campos y zonas rurales \u2013 Conexi\u00f3n con la naturaleza y un ritmo de vida tranquilo\" tabindex=\"-1\" >\n\t\t\tLeer m\u00e1s \u00bb\t\t<\/a>\n\n\t\t\t\t<\/div>\n\t\t\t\t\t<\/div>\n\t\t<\/article>\n\t\t\t\t<article class=\"elementor-post elementor-grid-item post-298 post type-post status-publish format-standard has-post-thumbnail hentry category-zonas\" role=\"listitem\">\n\t\t\t<div class=\"elementor-post__card\">\n\t\t\t\t<a class=\"elementor-post__thumbnail__link\" href=\"https:\/\/resideinuruguay.com\/de\/montevideo-la-capital-moderna-y-cultural-3\/\" tabindex=\"-1\" ><div class=\"elementor-post__thumbnail\"><img decoding=\"async\" width=\"2560\" height=\"1440\" src=\"https:\/\/resideinuruguay.com\/wp-content\/uploads\/2025\/02\/64802-Colonia-Del-Sacramento.webp\" class=\"attachment-full size-full wp-image-302\" alt=\"\" srcset=\"https:\/\/resideinuruguay.com\/wp-content\/uploads\/2025\/02\/64802-Colonia-Del-Sacramento.webp 2560w, https:\/\/resideinuruguay.com\/wp-content\/uploads\/2025\/02\/64802-Colonia-Del-Sacramento-300x169.webp 300w, https:\/\/resideinuruguay.com\/wp-content\/uploads\/2025\/02\/64802-Colonia-Del-Sacramento-1024x576.webp 1024w, https:\/\/resideinuruguay.com\/wp-content\/uploads\/2025\/02\/64802-Colonia-Del-Sacramento-768x432.webp 768w, https:\/\/resideinuruguay.com\/wp-content\/uploads\/2025\/02\/64802-Colonia-Del-Sacramento-1536x864.webp 1536w, https:\/\/resideinuruguay.com\/wp-content\/uploads\/2025\/02\/64802-Colonia-Del-Sacramento-2048x1152.webp 2048w\" sizes=\"(max-width: 2560px) 100vw, 2560px\" \/><\/div><\/a>\n\t\t\t\t<div class=\"elementor-post__text\">\n\t\t\t\t<h3 class=\"elementor-post__title\">\n\t\t\t<a href=\"https:\/\/resideinuruguay.com\/de\/montevideo-la-capital-moderna-y-cultural-3\/\" >\n\t\t\t\tColonia del Sacramento \u2013 Historia y encanto cerca de Argentina\t\t\t<\/a>\n\t\t<\/h3>\n\t\t\n\t\t<a class=\"elementor-post__read-more\" href=\"https:\/\/resideinuruguay.com\/de\/montevideo-la-capital-moderna-y-cultural-3\/\" aria-label=\"Read more about Colonia del Sacramento \u2013 Historia y encanto cerca de Argentina\" tabindex=\"-1\" >\n\t\t\tLeer m\u00e1s \u00bb\t\t<\/a>\n\n\t\t\t\t<\/div>\n\t\t\t\t\t<\/div>\n\t\t<\/article>\n\t\t\t\t<article class=\"elementor-post elementor-grid-item post-288 post type-post status-publish format-standard has-post-thumbnail hentry category-zonas\" role=\"listitem\">\n\t\t\t<div class=\"elementor-post__card\">\n\t\t\t\t<a class=\"elementor-post__thumbnail__link\" href=\"https:\/\/resideinuruguay.com\/de\/montevideo-la-capital-moderna-y-cultural-2\/\" tabindex=\"-1\" ><div class=\"elementor-post__thumbnail\"><img decoding=\"async\" width=\"1960\" height=\"1103\" src=\"https:\/\/resideinuruguay.com\/wp-content\/uploads\/2025\/02\/3XZ7LH5NGUHBFEX45QJKYZMARA.avif\" class=\"attachment-full size-full wp-image-272\" alt=\"\" srcset=\"https:\/\/resideinuruguay.com\/wp-content\/uploads\/2025\/02\/3XZ7LH5NGUHBFEX45QJKYZMARA.avif 1960w, https:\/\/resideinuruguay.com\/wp-content\/uploads\/2025\/02\/3XZ7LH5NGUHBFEX45QJKYZMARA-300x169.avif 300w, https:\/\/resideinuruguay.com\/wp-content\/uploads\/2025\/02\/3XZ7LH5NGUHBFEX45QJKYZMARA-1024x576.avif 1024w, https:\/\/resideinuruguay.com\/wp-content\/uploads\/2025\/02\/3XZ7LH5NGUHBFEX45QJKYZMARA-768x432.avif 768w, https:\/\/resideinuruguay.com\/wp-content\/uploads\/2025\/02\/3XZ7LH5NGUHBFEX45QJKYZMARA-1536x864.avif 1536w\" sizes=\"(max-width: 1960px) 100vw, 1960px\" \/><\/div><\/a>\n\t\t\t\t<div class=\"elementor-post__text\">\n\t\t\t\t<h3 class=\"elementor-post__title\">\n\t\t\t<a href=\"https:\/\/resideinuruguay.com\/de\/montevideo-la-capital-moderna-y-cultural-2\/\" >\n\t\t\t\tMontevideo \u2013 La capital moderna y cultural\t\t\t<\/a>\n\t\t<\/h3>\n\t\t\n\t\t<a class=\"elementor-post__read-more\" href=\"https:\/\/resideinuruguay.com\/de\/montevideo-la-capital-moderna-y-cultural-2\/\" aria-label=\"Read more about Montevideo \u2013 La capital moderna y cultural\" tabindex=\"-1\" >\n\t\t\tLeer m\u00e1s \u00bb\t\t<\/a>\n\n\t\t\t\t<\/div>\n\t\t\t\t\t<\/div>\n\t\t<\/article>\n\t\t\t\t<article class=\"elementor-post elementor-grid-item post-268 post type-post status-publish format-standard has-post-thumbnail hentry category-zonas\" role=\"listitem\">\n\t\t\t<div class=\"elementor-post__card\">\n\t\t\t\t<a class=\"elementor-post__thumbnail__link\" href=\"https:\/\/resideinuruguay.com\/de\/montevideo-la-capital-moderna-y-cultural\/\" tabindex=\"-1\" ><div class=\"elementor-post__thumbnail\"><img loading=\"lazy\" decoding=\"async\" width=\"1500\" height=\"1000\" src=\"https:\/\/resideinuruguay.com\/wp-content\/uploads\/2025\/02\/puntadeleste.jpg\" class=\"attachment-full size-full wp-image-290\" alt=\"\" srcset=\"https:\/\/resideinuruguay.com\/wp-content\/uploads\/2025\/02\/puntadeleste.jpg 1500w, https:\/\/resideinuruguay.com\/wp-content\/uploads\/2025\/02\/puntadeleste-300x200.jpg 300w, https:\/\/resideinuruguay.com\/wp-content\/uploads\/2025\/02\/puntadeleste-1024x683.jpg 1024w, https:\/\/resideinuruguay.com\/wp-content\/uploads\/2025\/02\/puntadeleste-768x512.jpg 768w\" sizes=\"(max-width: 1500px) 100vw, 1500px\" \/><\/div><\/a>\n\t\t\t\t<div class=\"elementor-post__text\">\n\t\t\t\t<h3 class=\"elementor-post__title\">\n\t\t\t<a href=\"https:\/\/resideinuruguay.com\/de\/montevideo-la-capital-moderna-y-cultural\/\" >\n\t\t\t\tPunta del Este \u2013 Lujo y serenidad junto al mar\t\t\t<\/a>\n\t\t<\/h3>\n\t\t\n\t\t<a class=\"elementor-post__read-more\" href=\"https:\/\/resideinuruguay.com\/de\/montevideo-la-capital-moderna-y-cultural\/\" aria-label=\"Read more about Punta del Este \u2013 Lujo y serenidad junto al mar\" tabindex=\"-1\" >\n\t\t\tLeer m\u00e1s \u00bb\t\t<\/a>\n\n\t\t\t\t<\/div>\n\t\t\t\t\t<\/div>\n\t\t<\/article>\n\t\t\t\t<\/div>\n\t\t\n\t\t\t\t\t\t<\/div>\n\t\t\t\t<\/div>\n\t\t\t\t\t<\/div>\n\t\t\t\t<\/div>\n\t\t<div class=\"elementor-element elementor-element-25a12ab elementor-hidden-mobile e-flex e-con-boxed e-con e-parent\" data-id=\"25a12ab\" data-element_type=\"container\" data-e-type=\"container\" data-settings=\"{&quot;background_background&quot;:&quot;classic&quot;}\">\n\t\t\t\t\t<div class=\"e-con-inner\">\n\t\t\t\t\t<\/div>\n\t\t\t\t<\/div>\n\t\t<div class=\"elementor-element elementor-element-0df2d20 Contacto e-flex e-con-boxed e-con e-parent\" data-id=\"0df2d20\" data-element_type=\"container\" data-e-type=\"container\" id=\"Contacto\" data-settings=\"{&quot;background_background&quot;:&quot;classic&quot;}\">\n\t\t\t\t\t<div class=\"e-con-inner\">\n\t\t\t\t<div class=\"elementor-element elementor-element-18e0320 elementor-widget__width-initial elementor-widget elementor-widget-heading\" data-id=\"18e0320\" data-element_type=\"widget\" data-e-type=\"widget\" data-widget_type=\"heading.default\">\n\t\t\t\t<div class=\"elementor-widget-container\">\n\t\t\t\t\t<h2 class=\"elementor-heading-title elementor-size-default\">Contacto<\/h2>\t\t\t\t<\/div>\n\t\t\t\t<\/div>\n\t\t\t\t<div class=\"elementor-element elementor-element-05148a2 elementor-widget__width-initial elementor-widget elementor-widget-heading\" data-id=\"05148a2\" data-element_type=\"widget\" data-e-type=\"widget\" data-widget_type=\"heading.default\">\n\t\t\t\t<div class=\"elementor-widget-container\">\n\t\t\t\t\t<h2 class=\"elementor-heading-title elementor-size-default\">\u00bfListo para dar el paso?<\/h2>\t\t\t\t<\/div>\n\t\t\t\t<\/div>\n\t\t\t\t<div class=\"elementor-element elementor-element-76a11de elementor-widget__width-initial elementor-widget elementor-widget-heading\" data-id=\"76a11de\" data-element_type=\"widget\" data-e-type=\"widget\" data-widget_type=\"heading.default\">\n\t\t\t\t<div class=\"elementor-widget-container\">\n\t\t\t\t\t<h3 class=\"elementor-heading-title elementor-size-default\">D\u00e9janos acompa\u00f1arte en el proceso de mudanza. Completa el formulario y uno de nuestros expertos te ayudar\u00e1 a planificar tu nueva vida en Uruguay.\n<\/h3>\t\t\t\t<\/div>\n\t\t\t\t<\/div>\n\t\t\t\t\t<\/div>\n\t\t\t\t<\/div>\n\t\t<div class=\"elementor-element elementor-element-1b693db e-flex e-con-boxed e-con e-parent\" data-id=\"1b693db\" data-element_type=\"container\" data-e-type=\"container\">\n\t\t\t\t\t<div class=\"e-con-inner\">\n\t\t\t\t<div class=\"elementor-element elementor-element-9cf18f6 elementor-button-align-center elementor-widget__width-initial elementor-widget elementor-widget-form\" data-id=\"9cf18f6\" data-element_type=\"widget\" data-e-type=\"widget\" data-settings=\"{&quot;step_next_label&quot;:&quot;Siguiente&quot;,&quot;step_previous_label&quot;:&quot;Anterior&quot;,&quot;button_width&quot;:&quot;100&quot;,&quot;step_type&quot;:&quot;number_text&quot;,&quot;step_icon_shape&quot;:&quot;circle&quot;}\" data-widget_type=\"form.default\">\n\t\t\t\t<div class=\"elementor-widget-container\">\n\t\t\t\t\t\t\t<form class=\"elementor-form\" method=\"post\" name=\"Nuevo formulario\" aria-label=\"Nuevo formulario\">\n\t\t\t<input type=\"hidden\" name=\"post_id\" value=\"254\"\/>\n\t\t\t<input type=\"hidden\" name=\"form_id\" value=\"9cf18f6\"\/>\n\t\t\t<input type=\"hidden\" name=\"referer_title\" value=\"Zonas para vivir\" \/>\n\n\t\t\t\t\t\t\t<input type=\"hidden\" name=\"queried_id\" value=\"254\"\/>\n\t\t\t\n\t\t\t<div class=\"elementor-form-fields-wrapper elementor-labels-\">\n\t\t\t\t\t\t\t\t<div class=\"elementor-field-type-text elementor-field-group elementor-column elementor-field-group-name elementor-col-100\">\n\t\t\t\t\t\t\t\t\t\t\t\t<label for=\"form-field-name\" class=\"elementor-field-label elementor-screen-only\">\n\t\t\t\t\t\t\t\tNombre\t\t\t\t\t\t\t<\/label>\n\t\t\t\t\t\t\t\t\t\t\t\t\t\t<input size=\"1\" type=\"text\" name=\"form_fields[name]\" id=\"form-field-name\" class=\"elementor-field elementor-size-sm  elementor-field-textual\" placeholder=\"Nombre\">\n\t\t\t\t\t\t\t\t\t\t\t<\/div>\n\t\t\t\t\t\t\t\t<div class=\"elementor-field-type-email elementor-field-group elementor-column elementor-field-group-email elementor-col-100 elementor-field-required\">\n\t\t\t\t\t\t\t\t\t\t\t\t<label for=\"form-field-email\" class=\"elementor-field-label elementor-screen-only\">\n\t\t\t\t\t\t\t\tCorreo electr\u00f3nico\t\t\t\t\t\t\t<\/label>\n\t\t\t\t\t\t\t\t\t\t\t\t\t\t<input size=\"1\" type=\"email\" name=\"form_fields[email]\" id=\"form-field-email\" class=\"elementor-field elementor-size-sm  elementor-field-textual\" placeholder=\"Correo electr\u00f3nico\" required=\"required\">\n\t\t\t\t\t\t\t\t\t\t\t<\/div>\n\t\t\t\t\t\t\t\t<div class=\"elementor-field-type-text elementor-field-group elementor-column elementor-field-group-field_d59a795 elementor-col-100 elementor-field-required\">\n\t\t\t\t\t\t\t\t\t\t\t\t<label for=\"form-field-field_d59a795\" class=\"elementor-field-label elementor-screen-only\">\n\t\t\t\t\t\t\t\tpa\u00eds de residencia\t\t\t\t\t\t\t<\/label>\n\t\t\t\t\t\t\t\t\t\t\t\t\t\t<input size=\"1\" type=\"text\" name=\"form_fields[field_d59a795]\" id=\"form-field-field_d59a795\" class=\"elementor-field elementor-size-sm  elementor-field-textual\" placeholder=\"Pa\u00eds de residencia\" required=\"required\">\n\t\t\t\t\t\t\t\t\t\t\t<\/div>\n\t\t\t\t\t\t\t\t<div class=\"elementor-field-type-text elementor-field-group elementor-column elementor-field-group-field_64fd8fe elementor-col-100 elementor-field-required\">\n\t\t\t\t\t\t\t\t\t\t\t\t<label for=\"form-field-field_64fd8fe\" class=\"elementor-field-label elementor-screen-only\">\n\t\t\t\t\t\t\t\ttipo de consulta\t\t\t\t\t\t\t<\/label>\n\t\t\t\t\t\t\t\t\t\t\t\t\t\t<input size=\"1\" type=\"text\" name=\"form_fields[field_64fd8fe]\" id=\"form-field-field_64fd8fe\" class=\"elementor-field elementor-size-sm  elementor-field-textual\" placeholder=\"Tipo de consulta\" required=\"required\">\n\t\t\t\t\t\t\t\t\t\t\t<\/div>\n\t\t\t\t\t\t\t\t<div class=\"elementor-field-type-textarea elementor-field-group elementor-column elementor-field-group-message elementor-col-100\">\n\t\t\t\t\t\t\t\t\t\t\t\t<label for=\"form-field-message\" class=\"elementor-field-label elementor-screen-only\">\n\t\t\t\t\t\t\t\tMensaje\t\t\t\t\t\t\t<\/label>\n\t\t\t\t\t\t<textarea class=\"elementor-field-textual elementor-field  elementor-size-sm\" name=\"form_fields[message]\" id=\"form-field-message\" rows=\"4\" placeholder=\"Mensaje\"><\/textarea>\t\t\t\t<\/div>\n\t\t\t\t\t\t\t\t<div class=\"elementor-field-group elementor-column elementor-field-type-submit elementor-col-100 e-form__buttons\">\n\t\t\t\t\t<button class=\"elementor-button elementor-size-sm\" type=\"submit\">\n\t\t\t\t\t\t<span class=\"elementor-button-content-wrapper\">\n\t\t\t\t\t\t\t\t\t\t\t\t\t\t\t\t\t\t\t\t\t\t<span class=\"elementor-button-text\">Escr\u00edbenos ahora<\/span>\n\t\t\t\t\t\t\t\t\t\t\t\t\t<\/span>\n\t\t\t\t\t<\/button>\n\t\t\t\t<\/div>\n\t\t\t<\/div>\n\t\t<\/form>\n\t\t\t\t\t\t<\/div>\n\t\t\t\t<\/div>\n\t\t\t\t\t<\/div>\n\t\t\t\t<\/div>\n\t\t\t\t<\/div>\n\t\t","protected":false},"excerpt":{"rendered":"<p>Zonas para vivir en Uruguay Vivir Uruguay \u00bfPor qu\u00e9 elegir Uruguay? Contacto \u00bfListo para dar el paso? D\u00e9janos acompa\u00f1arte en el proceso de mudanza. Completa el formulario y uno de nuestros expertos te ayudar\u00e1 a planificar tu nueva vida en Uruguay.<\/p>","protected":false},"author":1,"featured_media":0,"parent":0,"menu_order":0,"comment_status":"closed","ping_status":"closed","template":"","meta":{"site-sidebar-layout":"no-sidebar","site-content-layout":"","ast-site-content-layout":"full-width-container","site-content-style":"default","site-sidebar-style":"default","ast-global-header-display":"","ast-banner-title-visibility":"","ast-main-header-display":"","ast-hfb-above-header-display":"","ast-hfb-below-header-display":"","ast-hfb-mobile-header-display":"","site-post-title":"disabled","ast-breadcrumbs-content":"","ast-featured-img":"disabled","footer-sml-layout":"","ast-disable-related-posts":"","theme-transparent-header-meta":"","adv-header-id-meta":"","stick-header-meta":"","header-above-stick-meta":"","header-main-stick-meta":"","header-below-stick-meta":"","astra-migrate-meta-layouts":"default","ast-page-background-enabled":"default","ast-page-background-meta":{"desktop":{"background-color":"var(--ast-global-color-5)","background-image":"","background-repeat":"repeat","background-position":"center center","background-size":"auto","background-attachment":"scroll","background-type":"","background-media":"","overlay-type":"","overlay-color":"","overlay-opacity":"","overlay-gradient":""},"tablet":{"background-color":"","background-image":"","background-repeat":"repeat","background-position":"center center","background-size":"auto","background-attachment":"scroll","background-type":"","background-media":"","overlay-type":"","overlay-color":"","overlay-opacity":"","overlay-gradient":""},"mobile":{"background-color":"","background-image":"","background-repeat":"repeat","background-position":"center center","background-size":"auto","background-attachment":"scroll","background-type":"","background-media":"","overlay-type":"","overlay-color":"","overlay-opacity":"","overlay-gradient":""}},"ast-content-background-meta":{"desktop":{"background-color":"var(--ast-global-color-4)","background-image":"","background-repeat":"repeat","background-position":"center center","background-size":"auto","background-attachment":"scroll","background-type":"","background-media":"","overlay-type":"","overlay-color":"","overlay-opacity":"","overlay-gradient":""},"tablet":{"background-color":"var(--ast-global-color-4)","background-image":"","background-repeat":"repeat","background-position":"center center","background-size":"auto","background-attachment":"scroll","background-type":"","background-media":"","overlay-type":"","overlay-color":"","overlay-opacity":"","overlay-gradient":""},"mobile":{"background-color":"var(--ast-global-color-4)","background-image":"","background-repeat":"repeat","background-position":"center center","background-size":"auto","background-attachment":"scroll","background-type":"","background-media":"","overlay-type":"","overlay-color":"","overlay-opacity":"","overlay-gradient":""}},"footnotes":""},"class_list":["post-254","page","type-page","status-publish","hentry"],"_links":{"self":[{"href":"https:\/\/resideinuruguay.com\/de\/wp-json\/wp\/v2\/pages\/254","targetHints":{"allow":["GET"]}}],"collection":[{"href":"https:\/\/resideinuruguay.com\/de\/wp-json\/wp\/v2\/pages"}],"about":[{"href":"https:\/\/resideinuruguay.com\/de\/wp-json\/wp\/v2\/types\/page"}],"author":[{"embeddable":true,"href":"https:\/\/resideinuruguay.com\/de\/wp-json\/wp\/v2\/users\/1"}],"replies":[{"embeddable":true,"href":"https:\/\/resideinuruguay.com\/de\/wp-json\/wp\/v2\/comments?post=254"}],"version-history":[{"count":24,"href":"https:\/\/resideinuruguay.com\/de\/wp-json\/wp\/v2\/pages\/254\/revisions"}],"predecessor-version":[{"id":465,"href":"https:\/\/resideinuruguay.com\/de\/wp-json\/wp\/v2\/pages\/254\/revisions\/465"}],"wp:attachment":[{"href":"https:\/\/resideinuruguay.com\/de\/wp-json\/wp\/v2\/media?parent=254"}],"curies":[{"name":"wp","href":"https:\/\/api.w.org\/{rel}","templated":true}]}}